{"id":3071,"date":"2018-08-21T23:12:02","date_gmt":"2018-08-21T21:12:02","guid":{"rendered":"https:\/\/www.amcsystem.pl\/instrukcja-budowy-liter-blokowych\/"},"modified":"2024-10-04T11:04:42","modified_gmt":"2024-10-04T09:04:42","slug":"channel-letters-building-instructions","status":"publish","type":"page","link":"https:\/\/www.amcsystem.pl\/en\/channel-letters-building-instructions\/","title":{"rendered":"Channel letters building instructions"},"content":{"rendered":"<section class=\"l-section wpb_row main-16-56 litery-blokowe height_large with_img\"><div class=\"l-section-img\" role=\"img\" aria-label=\"Image\" data-img-width=\"1920\" data-img-height=\"349\" style=\"background-image: url(https:\/\/www.amcsystem.pl\/wp-content\/uploads\/2018\/05\/dol.jpg);background-position: bottom center;background-repeat: no-repeat;background-size: contain;\"><\/div><div class=\"l-section-h i-cf\"><div class=\"g-cols vc_row via_flex valign_top type_default stacking_default\"><div class=\"vc_col-sm-2 wpb_column vc_column_container sidebar-produkty\"><div class=\"vc_column-inner\"><div class=\"wpb_wrapper\"><div class=\"ult_row_spacer\"><div class=\"ult-sticky-anchor\"><div class=\"ult-sticky-section ult-sticky \"  data-gutter= '180' data-stick_behaviour= 'stick_with_scroll_row'  data-sticky_position= 'top' data-mobile='no' data-support='no'><div class=\"wpb_text_column\"><div class=\"wpb_wrapper\"><h3>PRODUKTY<\/h3>\n<\/div><\/div>[vc_wp_custommenu nav_menu=&#8221;3&#8243;]<\/div><div class=\"ult-space\"><\/div><\/div><\/div><\/div><\/div><\/div><div class=\"vc_col-sm-10 wpb_column vc_column_container content-5-6\"><div class=\"vc_column-inner\"><div class=\"wpb_wrapper\"><div class=\"wpb_text_column\"><div class=\"wpb_wrapper\"><h1 style=\"text-align: center;\">Instrukcja budowy liter blokowych<\/h1>\n<\/div><\/div><div class=\"wpb_text_column us_custom_7d203556\"><div class=\"wpb_wrapper\"><p style=\"text-align: center;\">Instrukcja budowy liter blokowych do pobrania w formacie PDF:<\/p>\n<\/div><\/div><div class=\"g-cols wpb_row us_custom_14251cfc via_flex valign_middle type_default stacking_default\"><div class=\"vc_col-sm-12 wpb_column vc_column_container\"><div class=\"vc_column-inner\"><div class=\"wpb_wrapper\"><div class=\"w-btn-wrapper align_center\"><a class=\"w-btn us-btn-style_3 us_custom_0fe137e4 fw-btn\" target=\"_blank\" rel=\"nofollow\" href=\"https:\/\/www.amcsystem.pl\/wp-content\/uploads\/2018\/08\/budowa_liter.pdf\"><span class=\"w-btn-label\">Instrukcja budowy liter<\/span><\/a><\/div><\/div><\/div><\/div><\/div><div class=\"g-cols wpb_row via_flex valign_middle type_default stacking_default\"><div class=\"vc_col-sm-12 wpb_column vc_column_container\"><div class=\"vc_column-inner\"><div class=\"wpb_wrapper\"><div class=\"wpb_text_column us_custom_71d3e3d1\"><div class=\"wpb_wrapper\"><p style=\"text-align: center;\">Por\u00f3wnanie modu\u0142\u00f3w LED do liter 3D\u00a0 do pobrania w formacie PDF:<\/p>\n<\/div><\/div><div class=\"w-btn-wrapper align_center\"><a class=\"w-btn us-btn-style_3 us_custom_4e661996 fw-btn\" target=\"_blank\" rel=\"nofollow\" href=\"https:\/\/www.amcsystem.pl\/wp-content\/uploads\/2019\/04\/Por\u00f3wnanie-modu\u0142\u00f3w-do-liter.pdf\"><span class=\"w-btn-label\">Por\u00f3wnanie modu\u0142\u00f3w do liter<\/span><\/a><\/div><\/div><\/div><\/div><\/div><div class=\"w-separator size_large\"><\/div><div class=\"w-separator size_medium with_line width_default thick_1 style_solid color_border align_center\"><div class=\"w-separator-h\"><\/div><\/div><div class=\"wpb_text_column\"><div class=\"wpb_wrapper\"><h3 style=\"text-align: center;\"><span>Zapraszamy do kontaktu z nami w celu uzyskania wyceny na produkty.<\/span><\/h3>\n<\/div><\/div><div class=\"w-btn-wrapper align_center\"><a class=\"w-btn us-btn-style_1 us_custom_f4cffabf\" href=\"https:\/\/www.amcsystem.pl\/uzyskaj-wycene\/\"><span class=\"w-btn-label\">KONTAKT<\/span><\/a><\/div><div class=\"w-separator size_medium with_line width_default thick_1 style_solid color_border align_center\"><div class=\"w-separator-h\"><\/div><\/div><\/div><\/div><\/div><\/div><\/div><\/section>\n","protected":false},"excerpt":{"rendered":"PRODUKTY [vc_wp_custommenu nav_menu=\"3\"]Instrukcja budowy liter blokowych Instrukcja budowy liter blokowych do pobrania w formacie PDF: Instrukcja budowy literPor\u00f3wnanie modu\u0142\u00f3w LED do liter 3D\u00a0 do pobrania w formacie PDF: Por\u00f3wnanie modu\u0142\u00f3w do literZapraszamy do kontaktu z nami w celu uzyskania wyceny na produkty. KONTAKT","protected":false},"author":1,"featured_media":0,"parent":0,"menu_order":0,"comment_status":"closed","ping_status":"closed","template":"","meta":{"_acf_changed":false,"footnotes":""},"class_list":["post-3071","page","type-page","status-publish","hentry"],"acf":[],"yoast_head":"<!-- This site is optimized with the Yoast SEO plugin v27.5 - https:\/\/yoast.com\/product\/yoast-seo-wordpress\/ -->\n<title>Channel letters building instructions - AMC SYSTEM<\/title>\n<meta name=\"description\" content=\"nstrukcja budowy liter blokowych do pobrania w formacie PDF.\" \/>\n<meta name=\"robots\" content=\"index, follow, max-snippet:-1, max-image-preview:large, max-video-preview:-1\" \/>\n<link rel=\"canonical\" href=\"https:\/\/www.amcsystem.pl\/en\/channel-letters-building-instructions\/\" \/>\n<meta property=\"og:locale\" content=\"en_US\" \/>\n<meta property=\"og:type\" content=\"article\" \/>\n<meta property=\"og:title\" content=\"Channel letters building instructions - AMC SYSTEM\" \/>\n<meta property=\"og:description\" content=\"nstrukcja budowy liter blokowych do pobrania w formacie PDF.\" \/>\n<meta property=\"og:url\" content=\"https:\/\/www.amcsystem.pl\/en\/channel-letters-building-instructions\/\" \/>\n<meta property=\"og:site_name\" content=\"AMC SYSTEM\" \/>\n<meta property=\"article:modified_time\" content=\"2024-10-04T09:04:42+00:00\" \/>\n<meta property=\"og:image\" content=\"https:\/\/www.amcsystem.pl\/wp-content\/uploads\/2024\/08\/AMC_1200x1200-px_LOGO.png\" \/>\n\t<meta property=\"og:image:width\" content=\"1200\" \/>\n\t<meta property=\"og:image:height\" content=\"1200\" \/>\n\t<meta property=\"og:image:type\" content=\"image\/png\" \/>\n<meta name=\"twitter:card\" content=\"summary_large_image\" \/>\n<meta name=\"twitter:label1\" content=\"Est. reading time\" \/>\n\t<meta name=\"twitter:data1\" content=\"1 minute\" \/>\n<script type=\"application\/ld+json\" class=\"yoast-schema-graph\">{\"@context\":\"https:\\\/\\\/schema.org\",\"@graph\":[{\"@type\":\"WebPage\",\"@id\":\"https:\\\/\\\/www.amcsystem.pl\\\/en\\\/channel-letters-building-instructions\\\/\",\"url\":\"https:\\\/\\\/www.amcsystem.pl\\\/en\\\/channel-letters-building-instructions\\\/\",\"name\":\"Channel letters building instructions - AMC SYSTEM\",\"isPartOf\":{\"@id\":\"https:\\\/\\\/www.amcsystem.pl\\\/#website\"},\"datePublished\":\"2018-08-21T21:12:02+00:00\",\"dateModified\":\"2024-10-04T09:04:42+00:00\",\"description\":\"nstrukcja budowy liter blokowych do pobrania w formacie PDF.\",\"breadcrumb\":{\"@id\":\"https:\\\/\\\/www.amcsystem.pl\\\/en\\\/channel-letters-building-instructions\\\/#breadcrumb\"},\"inLanguage\":\"en-US\",\"potentialAction\":[{\"@type\":\"ReadAction\",\"target\":[\"https:\\\/\\\/www.amcsystem.pl\\\/en\\\/channel-letters-building-instructions\\\/\"]}]},{\"@type\":\"BreadcrumbList\",\"@id\":\"https:\\\/\\\/www.amcsystem.pl\\\/en\\\/channel-letters-building-instructions\\\/#breadcrumb\",\"itemListElement\":[{\"@type\":\"ListItem\",\"position\":1,\"name\":\"Strona g\u0142\u00f3wna\",\"item\":\"https:\\\/\\\/www.amcsystem.pl\\\/en\\\/\"},{\"@type\":\"ListItem\",\"position\":2,\"name\":\"Channel letters building instructions\"}]},{\"@type\":\"WebSite\",\"@id\":\"https:\\\/\\\/www.amcsystem.pl\\\/#website\",\"url\":\"https:\\\/\\\/www.amcsystem.pl\\\/\",\"name\":\"AMC SYSTEM\",\"description\":\"\u015awiat\u0142o dla reklamy\",\"publisher\":{\"@id\":\"https:\\\/\\\/www.amcsystem.pl\\\/#organization\"},\"potentialAction\":[{\"@type\":\"SearchAction\",\"target\":{\"@type\":\"EntryPoint\",\"urlTemplate\":\"https:\\\/\\\/www.amcsystem.pl\\\/?s={search_term_string}\"},\"query-input\":{\"@type\":\"PropertyValueSpecification\",\"valueRequired\":true,\"valueName\":\"search_term_string\"}}],\"inLanguage\":\"en-US\"},{\"@type\":\"Organization\",\"@id\":\"https:\\\/\\\/www.amcsystem.pl\\\/#organization\",\"name\":\"AMC SYSTEM\",\"url\":\"https:\\\/\\\/www.amcsystem.pl\\\/\",\"logo\":{\"@type\":\"ImageObject\",\"inLanguage\":\"en-US\",\"@id\":\"https:\\\/\\\/www.amcsystem.pl\\\/#\\\/schema\\\/logo\\\/image\\\/\",\"url\":\"https:\\\/\\\/www.amcsystem.pl\\\/wp-content\\\/uploads\\\/2024\\\/08\\\/cropped-AMC_1200x1200-px_LOGO.png\",\"contentUrl\":\"https:\\\/\\\/www.amcsystem.pl\\\/wp-content\\\/uploads\\\/2024\\\/08\\\/cropped-AMC_1200x1200-px_LOGO.png\",\"width\":512,\"height\":512,\"caption\":\"AMC SYSTEM\"},\"image\":{\"@id\":\"https:\\\/\\\/www.amcsystem.pl\\\/#\\\/schema\\\/logo\\\/image\\\/\"}}]}<\/script>\n<!-- \/ Yoast SEO plugin. -->","yoast_head_json":{"title":"Channel letters building instructions - AMC SYSTEM","description":"nstrukcja budowy liter blokowych do pobrania w formacie PDF.","robots":{"index":"index","follow":"follow","max-snippet":"max-snippet:-1","max-image-preview":"max-image-preview:large","max-video-preview":"max-video-preview:-1"},"canonical":"https:\/\/www.amcsystem.pl\/en\/channel-letters-building-instructions\/","og_locale":"en_US","og_type":"article","og_title":"Channel letters building instructions - AMC SYSTEM","og_description":"nstrukcja budowy liter blokowych do pobrania w formacie PDF.","og_url":"https:\/\/www.amcsystem.pl\/en\/channel-letters-building-instructions\/","og_site_name":"AMC SYSTEM","article_modified_time":"2024-10-04T09:04:42+00:00","og_image":[{"width":1200,"height":1200,"url":"https:\/\/www.amcsystem.pl\/wp-content\/uploads\/2024\/08\/AMC_1200x1200-px_LOGO.png","type":"image\/png"}],"twitter_card":"summary_large_image","twitter_misc":{"Est. reading time":"1 minute"},"schema":{"@context":"https:\/\/schema.org","@graph":[{"@type":"WebPage","@id":"https:\/\/www.amcsystem.pl\/en\/channel-letters-building-instructions\/","url":"https:\/\/www.amcsystem.pl\/en\/channel-letters-building-instructions\/","name":"Channel letters building instructions - AMC SYSTEM","isPartOf":{"@id":"https:\/\/www.amcsystem.pl\/#website"},"datePublished":"2018-08-21T21:12:02+00:00","dateModified":"2024-10-04T09:04:42+00:00","description":"nstrukcja budowy liter blokowych do pobrania w formacie PDF.","breadcrumb":{"@id":"https:\/\/www.amcsystem.pl\/en\/channel-letters-building-instructions\/#breadcrumb"},"inLanguage":"en-US","potentialAction":[{"@type":"ReadAction","target":["https:\/\/www.amcsystem.pl\/en\/channel-letters-building-instructions\/"]}]},{"@type":"BreadcrumbList","@id":"https:\/\/www.amcsystem.pl\/en\/channel-letters-building-instructions\/#breadcrumb","itemListElement":[{"@type":"ListItem","position":1,"name":"Strona g\u0142\u00f3wna","item":"https:\/\/www.amcsystem.pl\/en\/"},{"@type":"ListItem","position":2,"name":"Channel letters building instructions"}]},{"@type":"WebSite","@id":"https:\/\/www.amcsystem.pl\/#website","url":"https:\/\/www.amcsystem.pl\/","name":"AMC SYSTEM","description":"\u015awiat\u0142o dla reklamy","publisher":{"@id":"https:\/\/www.amcsystem.pl\/#organization"},"potentialAction":[{"@type":"SearchAction","target":{"@type":"EntryPoint","urlTemplate":"https:\/\/www.amcsystem.pl\/?s={search_term_string}"},"query-input":{"@type":"PropertyValueSpecification","valueRequired":true,"valueName":"search_term_string"}}],"inLanguage":"en-US"},{"@type":"Organization","@id":"https:\/\/www.amcsystem.pl\/#organization","name":"AMC SYSTEM","url":"https:\/\/www.amcsystem.pl\/","logo":{"@type":"ImageObject","inLanguage":"en-US","@id":"https:\/\/www.amcsystem.pl\/#\/schema\/logo\/image\/","url":"https:\/\/www.amcsystem.pl\/wp-content\/uploads\/2024\/08\/cropped-AMC_1200x1200-px_LOGO.png","contentUrl":"https:\/\/www.amcsystem.pl\/wp-content\/uploads\/2024\/08\/cropped-AMC_1200x1200-px_LOGO.png","width":512,"height":512,"caption":"AMC SYSTEM"},"image":{"@id":"https:\/\/www.amcsystem.pl\/#\/schema\/logo\/image\/"}}]}},"_links":{"self":[{"href":"https:\/\/www.amcsystem.pl\/en\/wp-json\/wp\/v2\/pages\/3071","targetHints":{"allow":["GET"]}}],"collection":[{"href":"https:\/\/www.amcsystem.pl\/en\/wp-json\/wp\/v2\/pages"}],"about":[{"href":"https:\/\/www.amcsystem.pl\/en\/wp-json\/wp\/v2\/types\/page"}],"author":[{"embeddable":true,"href":"https:\/\/www.amcsystem.pl\/en\/wp-json\/wp\/v2\/users\/1"}],"replies":[{"embeddable":true,"href":"https:\/\/www.amcsystem.pl\/en\/wp-json\/wp\/v2\/comments?post=3071"}],"version-history":[{"count":0,"href":"https:\/\/www.amcsystem.pl\/en\/wp-json\/wp\/v2\/pages\/3071\/revisions"}],"wp:attachment":[{"href":"https:\/\/www.amcsystem.pl\/en\/wp-json\/wp\/v2\/media?parent=3071"}],"curies":[{"name":"wp","href":"https:\/\/api.w.org\/{rel}","templated":true}]}}